{"id":3258,"date":"2015-02-07T16:56:43","date_gmt":"2015-02-07T14:56:43","guid":{"rendered":"https:\/\/www.finsetolk.nl\/?page_id=3258"},"modified":"2026-04-01T13:17:42","modified_gmt":"2026-04-01T11:17:42","slug":"tulkkauspalvelut","status":"publish","type":"page","link":"https:\/\/www.finsetolk.nl\/fi\/tulkkauspalvelut\/","title":{"rendered":"Tulkkauspalvelut"},"content":{"rendered":"<section class=\"l-section wpb_row height_full valign_top with_img\"><div class=\"l-section-img\" style=\"background-image: url(https:\/\/www.finsetolk.nl\/wp-content\/uploads\/2020\/09\/Top_Header_Tolk_1.png);\" data-img-width=\"2720\" data-img-height=\"960\"><\/div><div class=\"l-section-h i-cf\"><div class=\"g-cols vc_row type_default valign_top\"><div class=\"vc_col-sm-3 wpb_column vc_column_container\"><div class=\"vc_column-inner\"><div class=\"wpb_wrapper\"><\/div><\/div><\/div><div class=\"vc_col-sm-9 wpb_column vc_column_container\"><div class=\"vc_column-inner\"><div class=\"wpb_wrapper\"><div class=\"w-separator size_large\"><\/div><div class=\"wpb_text_column\" ><div class=\"wpb_wrapper\"><h1 style=\"text-align: right;\"><strong><span style=\"color: #ffffff;\">Tulkkauspalvelut <\/span><\/strong><\/h1>\n<h4 style=\"text-align: right;\"><span style=\"color: #ffffff;\">Valitse kokenut erikoisalaan perehtynyt tulkki ratkaisemaan vastaan tulevat kieliongelmasi niin <strong>liikeneuvotteluiden, kongressien, oikeusk\u00e4sittelyjen tai yksityisel\u00e4m\u00e4\u00e4n liittyvien tapahtumien<\/strong> (kuten kauppakirjan allekirjoittamisen) aikana. Ammattitaitoni ja kokemukseni takaavat parhaan mahdollisen tuloksen. Finsetolk tarjoaa asiantuntevaa apua tilanteeseen sopivalla tulkkaustavalla. Alla l\u00f6yd\u00e4t tarkempia tietoja eri tulkkaustekniikoista.<\/span><\/h4>\n<\/div><\/div><div class=\"w-separator size_small\"><\/div><div class=\"w-btn-wrapper width_auto align_right\"><a class=\"w-btn us-btn-style_6\" title=\"Yhteydenotto\" href=\"https:\/\/www.finsetolk.nl\/fi\/yhteydenotto\/\"><span class=\"w-btn-label\">Ota heti yhteytt\u00e4<\/span><\/a><\/div><div class=\"w-separator size_large\"><\/div><\/div><\/div><\/div><\/div><\/div><\/section><section class=\"l-section wpb_row height_medium\"><div class=\"l-section-h i-cf\"><div class=\"g-cols vc_row type_default valign_top\"><div class=\"vc_col-sm-6 wpb_column vc_column_container\"><div class=\"vc_column-inner\"><div class=\"wpb_wrapper\"><div class=\"wpb_text_column\" ><div class=\"wpb_wrapper\"><h1 style=\"text-align: left;\">Kielet<\/h1>\n<p>Tulkkauspalveluita seuraavilla kielipareilla:<\/p>\n<ul>\n<li><strong>suomi-hollanti<\/strong><\/li>\n<li><strong>hollanti-suomi<\/strong><\/li>\n<li><strong>suomi-englanti<\/strong><\/li>\n<li><strong>englanti-suomi<\/strong><\/li>\n<li><strong>hollanti-englanti<\/strong><\/li>\n<li><strong>englanti-hollanti<\/strong><\/li>\n<\/ul>\n<p>Voin tarvittaessa huolehtia puolestanne my\u00f6s kuiskaustulkkauslaitteiston vuokraamisesta.<\/p>\n<\/div><\/div><\/div><\/div><\/div><div class=\"vc_col-sm-6 wpb_column vc_column_container\"><div class=\"vc_column-inner\"><div class=\"wpb_wrapper\"><div class=\"wpb_text_column\" ><div class=\"wpb_wrapper\"><h1 style=\"text-align: left;\">Taidot ja erikoisalat<\/h1>\n<p>Erikoisalani ovat:<\/p>\n<ul>\n<li>Oikeustulkkaus<\/li>\n<li>Tulkkaus yrityksille<\/li>\n<li>Konferenssitulkkaus<\/li>\n<\/ul>\n<p>Olen erikoistunut oikeustulkkaukseen sek\u00e4 tulkkauksiin yrityksille ja julkiselle sektorille. Ty\u00f6skentelen oikeustulkkina muun muassa oikeusistuimissa tuomioistuink\u00e4sittelyiss\u00e4 ja poliisille esitutkintatilanteissa. Yritysasiakasmarkkinoilla asiakkainani ovat niin suuret monikansalliset yhti\u00f6t kuin pienet ja keskisuuret yhti\u00f6t, jotka tarvitsevat tulkkauspalveluita esimerkiksi johtokunnan kokouksissa, kongresseissa, eurooppalaisen yritysneuvoston kokouksissa tai valmennus- ja yrityskoulutustilaisuuksissa. Tulkkaus voidaan tilata et\u00e4tulkkauksena tai paikan p\u00e4\u00e4ll\u00e4 tapahtuvana.<\/p>\n<p>Olen valantehnyt oikeustulkki ja kirjoilla Alankomaiden oikeustulkkirekisteriss\u00e4 (RBTV) sek\u00e4 Suomen Opetushallituksen yll\u00e4pit\u00e4m\u00e4ss\u00e4 oikeustulkkirekisteriss\u00e4.<\/p>\n<\/div><\/div><\/div><\/div><\/div><\/div><\/div><\/section><section class=\"l-section wpb_row height_medium\"><div class=\"l-section-h i-cf\"><div class=\"g-cols vc_row type_default valign_top\"><div class=\"vc_col-sm-6 wpb_column vc_column_container\"><div class=\"vc_column-inner\"><div class=\"wpb_wrapper\"><div class=\"w-image align_none\"><div class=\"w-image-h\"><img loading=\"lazy\" decoding=\"async\" width=\"929\" height=\"1024\" src=\"https:\/\/www.finsetolk.nl\/wp-content\/uploads\/2020\/10\/Website-images-hout-lang-v4-929x1024.png\" class=\"attachment-large size-large\" alt=\"\" srcset=\"https:\/\/www.finsetolk.nl\/wp-content\/uploads\/2020\/10\/Website-images-hout-lang-v4-929x1024.png 929w, https:\/\/www.finsetolk.nl\/wp-content\/uploads\/2020\/10\/Website-images-hout-lang-v4-272x300.png 272w, https:\/\/www.finsetolk.nl\/wp-content\/uploads\/2020\/10\/Website-images-hout-lang-v4.png 1180w\" sizes=\"auto, (max-width: 929px) 100vw, 929px\" \/><\/div><\/div><\/div><\/div><\/div><div class=\"vc_col-sm-6 wpb_column vc_column_container with_overlay\"><div class=\"vc_column-inner\"><div class=\"vc_column-overlay\" style=\"background:#b4a37f\"><\/div><div class=\"wpb_wrapper\"><div class=\"w-separator size_small\"><\/div><div class=\"wpb_text_column\" ><div class=\"wpb_wrapper\"><h2 style=\"text-align: center;\"><strong><span style=\"color: #ffffff;\">Hinnat<\/span><\/strong><\/h2>\n<p style=\"text-align: left;\"><span style=\"color: #ffffff;\">Tulkkauksen hinta vaihtelee toimeksiantotyypin (l\u00e4sn\u00e4olotulkkaus tai et\u00e4tulkkaus), tulkkauksen keston ja tulkkaustilanteen mukaan. Kongressien, et\u00e4kongressien ja yritystapaamisten aikana tapahtuvan tulkkauksen hinta perustuu yleens\u00e4 koko p\u00e4iv\u00e4n kattavaan (korkeintaan 8 tuntia tauot mukaan lukien) tai puolen p\u00e4iv\u00e4n kattavaan (korkeintaan 4 tuntia tauot mukaan lukien) ty\u00f6jaksoon. Tietyiss\u00e4 erityistapauksissa voidaan l\u00e4sn\u00e4olotulkkauksessa my\u00f6s sopia tuntikorvauksesta v\u00e4himm\u00e4iskorvauksena yksi tunti. Ensimm\u00e4isen tunnin j\u00e4lkeen laskutetaan puolitunneittain. Viikonloppuna, klo 18 j\u00e4lkeen ja pyhin\u00e4 tapahtuvasta tulkkauksesta perit\u00e4\u00e4n lis\u00e4korvaus.<\/span><\/p>\n<p style=\"text-align: left;\"><span style=\"color: #ffffff;\">L\u00e4sn\u00e4olotulkkauksessa laskutetaan lis\u00e4ksi matka-aikaan ja matkaet\u00e4isyyteen perustuvat matkakulut ja mahdolliset muut toimeksiannosta koituneet kulut, kuten majoituskulut, lentolipun hinta ja ateriat (p\u00e4iv\u00e4raha). Joissakin tapauksissa saatetaan my\u00f6s laskuttaa valmistelevasta ty\u00f6st\u00e4, esimerkiksi oikeusasiakirjojen lukemisesta.<\/span><\/p>\n<p style=\"text-align: left;\"><span style=\"color: #ffffff;\">Pyyd\u00e4 lis\u00e4tietoja tai l\u00e4het\u00e4 tarjouspyynt\u00f6.<\/span><\/p>\n<\/div><\/div><\/div><\/div><\/div><\/div><\/div><\/section><section class=\"l-section wpb_row height_medium\"><div class=\"l-section-h i-cf\"><div class=\"g-cols vc_row type_default valign_top\"><div class=\"vc_col-sm-4 wpb_column vc_column_container\"><div class=\"vc_column-inner\"><div class=\"wpb_wrapper\"><div class=\"w-iconbox iconpos_top style_default color_secondary align_center no_title no_text\"><div class=\"w-iconbox-icon\"><i class=\"fas fa-chevron-double-right\"><\/i><\/div><div class=\"w-iconbox-meta\"><\/div><\/div><\/div><\/div><\/div><div class=\"vc_col-sm-4 wpb_column vc_column_container\"><div class=\"vc_column-inner\"><div class=\"wpb_wrapper\"><div class=\"wpb_text_column\" ><div class=\"wpb_wrapper\"><h3 style=\"text-align: center;\"><strong>Ota yhteytt\u00e4<\/strong><\/h3>\n<\/div><\/div><div class=\"w-separator size_small\"><\/div><div class=\"w-btn-wrapper width_auto align_center\"><a class=\"w-btn us-btn-style_1\" href=\"mailto:info@finsetolk.nl\"><span class=\"w-btn-label\">L\u00e4het\u00e4 tarjouspyynt\u00f6<\/span><\/a><\/div><\/div><\/div><\/div><div class=\"vc_col-sm-4 wpb_column vc_column_container\"><div class=\"vc_column-inner\"><div class=\"wpb_wrapper\"><div class=\"w-iconbox iconpos_top style_default color_secondary align_center no_title no_text\"><div class=\"w-iconbox-icon\"><i class=\"fas fa-chevron-double-left\"><\/i><\/div><div class=\"w-iconbox-meta\"><\/div><\/div><\/div><\/div><\/div><\/div><\/div><\/section><section class=\"l-section wpb_row height_medium\"><div class=\"l-section-h i-cf\"><div class=\"g-cols vc_row type_default valign_top\"><div class=\"vc_col-sm-6 wpb_column vc_column_container with_overlay\"><div class=\"vc_column-inner\"><div class=\"vc_column-overlay\" style=\"background:#69b0c9\"><\/div><div class=\"wpb_wrapper\"><div class=\"w-separator size_small\"><\/div><div class=\"wpb_text_column\" ><div class=\"wpb_wrapper\"><h2 style=\"text-align: center;\"><strong><span style=\"color: #ffffff;\">Toimitusehdot<\/span><\/strong><\/h2>\n<p style=\"text-align: left;\"><span style=\"color: #ffffff;\">Kielipalvelun toimittajan ja tilaajan v\u00e4lisiss\u00e4 toimeksiannoissa sovelletaan Alankomaiden<\/span> <span style=\"color: #000080;\"><a style=\"color: #000080;\" href=\"https:\/\/ngtv.nl\/application\/files\/9515\/2338\/8999\/20180410_Algemene_Voorwaarden_Tolken_DEF2.pdf\">k\u00e4\u00e4nt\u00e4jien ja tulkkien liiton yleisi\u00e4 sopimusehtoja<\/a><\/span><span style=\"color: #ffffff;\">, ellei kirjallisesti ole muuta sovittu. (General terms and conditions of the Netherlands association of Interpreters and Translators NGTV). Rekister\u00f6ity Amsterdamin kaupparekisteriin numerolla 40516076.<\/span><\/p>\n<\/div><\/div><\/div><\/div><\/div><div class=\"vc_col-sm-6 wpb_column vc_column_container\"><div class=\"vc_column-inner\"><div class=\"wpb_wrapper\"><div class=\"w-image align_none\"><div class=\"w-image-h\"><img loading=\"lazy\" decoding=\"async\" width=\"630\" height=\"568\" src=\"https:\/\/www.finsetolk.nl\/wp-content\/uploads\/2020\/10\/Website-images-630x630-3.png\" class=\"attachment-large size-large\" alt=\"\" srcset=\"https:\/\/www.finsetolk.nl\/wp-content\/uploads\/2020\/10\/Website-images-630x630-3.png 630w, https:\/\/www.finsetolk.nl\/wp-content\/uploads\/2020\/10\/Website-images-630x630-3-300x270.png 300w\" sizes=\"auto, (max-width: 630px) 100vw, 630px\" \/><\/div><\/div><\/div><\/div><\/div><\/div><\/div><\/section><section class=\"l-section wpb_row height_medium color_alternate\"><div class=\"l-section-h i-cf\"><div class=\"g-cols vc_row type_default valign_top\"><div class=\"vc_col-sm-12 wpb_column vc_column_container\"><div class=\"vc_column-inner\"><div class=\"wpb_wrapper\"><div class=\"wpb_text_column us_custom_f37aca33\" ><div class=\"wpb_wrapper\"><h1 id=\"fancy-title-714\" style=\"text-align: center;\">Tulkkaustekniikat<\/h1>\n<\/div><\/div><div class=\"w-separator size_medium\"><\/div><\/div><\/div><\/div><div class=\"vc_col-sm-4 wpb_column vc_column_container\"><div class=\"vc_column-inner\"><div class=\"wpb_wrapper\"><div class=\"w-iconbox us_custom_8e09cc6b iconpos_left style_default color_primary align_left\"><div class=\"w-iconbox-icon\"><i class=\"fas fa-star\"><\/i><\/div><div class=\"w-iconbox-meta\"><h4 class=\"w-iconbox-title\">Simultaanitulkkaus<\/h4><div class=\"w-iconbox-text\"><p>Puhe tulkataan l\u00e4hdekielest\u00e4 kohdekieleen puhujan jatkaessa puhumista.<\/p>\n<\/div><\/div><\/div><div class=\"w-separator size_small\"><\/div><\/div><\/div><\/div><div class=\"vc_col-sm-4 wpb_column vc_column_container\"><div class=\"vc_column-inner\"><div class=\"wpb_wrapper\"><div class=\"w-iconbox us_custom_8e09cc6b iconpos_left style_default color_primary align_left\"><div class=\"w-iconbox-icon\"><i class=\"fas fa-star\"><\/i><\/div><div class=\"w-iconbox-meta\"><h4 class=\"w-iconbox-title\">Konsekutiivitulkkaus<\/h4><div class=\"w-iconbox-text\"><p>Puhuja ja tulkkaaja puhuvat per\u00e4kk\u00e4in. Tulkki toistaa alkuper\u00e4isen viestin kohdekielell\u00e4 puhejakson p\u00e4\u00e4tytty\u00e4.<\/p>\n<\/div><\/div><\/div><div class=\"w-separator size_small\"><\/div><\/div><\/div><\/div><div class=\"vc_col-sm-4 wpb_column vc_column_container\"><div class=\"vc_column-inner\"><div class=\"wpb_wrapper\"><div class=\"w-iconbox us_custom_8e09cc6b iconpos_left style_default color_primary align_left\"><div class=\"w-iconbox-icon\"><i class=\"fas fa-star\"><\/i><\/div><div class=\"w-iconbox-meta\"><h4 class=\"w-iconbox-title\">Videotulkkaus<\/h4><div class=\"w-iconbox-text\"><p>Visuaalista et\u00e4tulkkausta k\u00e4ytt\u00e4en videopuhelua tai web-kameraa sek\u00e4 television tai tietokoneen n\u00e4ytt\u00f6\u00e4. Tulkki tulkkaa simultaanisti.<\/p>\n<\/div><\/div><\/div><div class=\"w-separator size_small\"><\/div><\/div><\/div><\/div><div class=\"vc_col-sm-4 wpb_column vc_column_container\"><div class=\"vc_column-inner\"><div class=\"wpb_wrapper\"><div class=\"w-iconbox iconpos_left style_default color_primary align_left\"><div class=\"w-iconbox-icon\"><i class=\"fas fa-star\"><\/i><\/div><div class=\"w-iconbox-meta\"><h4 class=\"w-iconbox-title\">Kuiskaustulkkaus<\/h4><div class=\"w-iconbox-text\"><p>Tulkki istuu tai seisoo asiakkaiden v\u00e4liss\u00e4 ja tulkkaa puhutun heille v\u00e4litt\u00f6m\u00e4sti kuiskaten.<\/p>\n<\/div><\/div><\/div><\/div><\/div><\/div><div class=\"vc_col-sm-4 wpb_column vc_column_container\"><div class=\"vc_column-inner\"><div class=\"wpb_wrapper\"><div class=\"w-iconbox iconpos_left style_default color_primary align_left\"><div class=\"w-iconbox-icon\"><i class=\"fas fa-star\"><\/i><\/div><div class=\"w-iconbox-meta\"><h4 class=\"w-iconbox-title\">Puhelintulkkaus<\/h4><div class=\"w-iconbox-text\"><p>K\u00e4ytet\u00e4\u00e4n per\u00e4kk\u00e4istulkkausta. Tulkki kuuntelee, kun tulkattava ensin kertoo tulkattavan asian, jonka j\u00e4lkeen tulkki tulkkaa sen kolmannelle osapuolelle.<\/p>\n<\/div><\/div><\/div><\/div><\/div><\/div><div class=\"vc_col-sm-4 wpb_column vc_column_container\"><div class=\"vc_column-inner\"><div class=\"wpb_wrapper\"><div class=\"w-iconbox iconpos_left style_default color_primary align_left\"><div class=\"w-iconbox-icon\"><i class=\"fas fa-star\"><\/i><\/div><div class=\"w-iconbox-meta\"><h4 class=\"w-iconbox-title\">Asioimistulkkaus<\/h4><div class=\"w-iconbox-text\"><p>L\u00e4hitulkkausta julkisten palvelujen yhteydess\u00e4, kun palvelujen k\u00e4ytt\u00e4j\u00e4t eiv\u00e4t puhu kyseisen maan valtakielt\u00e4. <\/p>\n<\/div><\/div><\/div><\/div><\/div><\/div><\/div><\/div><\/section><section class=\"l-section wpb_row height_medium parallax_ver\"><div class=\"l-section-h i-cf\"><div class=\"g-cols vc_row type_default valign_top\"><div class=\"vc_col-sm-12 wpb_column vc_column_container\"><div class=\"vc_column-inner\"><div class=\"wpb_wrapper\"><div class=\"w-separator size_small with_line width_default thick_1 style_solid color_border align_center\"><div class=\"w-separator-h\"><\/div><\/div><div class=\"wpb_text_column us_custom_8e09cc6b\" ><div class=\"wpb_wrapper\"><h1 style=\"text-align: center;\"><strong>Onko sinulla kysytt\u00e4v\u00e4\u00e4?<\/strong><\/h1>\n<p style=\"text-align: center;\">Ota yhteytt\u00e4 s\u00e4hk\u00f6postitse tai puhelimitse<\/p>\n<p style=\"text-align: center;\"><a href=\"mailto:info@finsetolk.nl\">info@finsetolk.nl<\/a><br \/>\n+31 6 22974071<\/p>\n<\/div><\/div><div class=\"w-btn-wrapper width_auto align_center\"><a class=\"w-btn us-btn-style_1 us_custom_80a192e9 icon_atleft\" href=\"\/contact\/\"><i class=\"fas fa-envelope\"><\/i><span class=\"w-btn-label\">Ota yhteytt\u00e4<\/span><\/a><\/div><\/div><\/div><\/div><\/div><\/div><\/section>\n","protected":false},"excerpt":{"rendered":"Tulkkauspalvelut Valitse kokenut erikoisalaan perehtynyt tulkki ratkaisemaan vastaan tulevat kieliongelmasi niin liikeneuvotteluiden, kongressien, oikeusk\u00e4sittelyjen tai yksityisel\u00e4m\u00e4\u00e4n liittyvien tapahtumien (kuten kauppakirjan allekirjoittamisen) aikana. Ammattitaitoni ja kokemukseni takaavat parhaan mahdollisen tuloksen. Finsetolk tarjoaa asiantuntevaa apua tilanteeseen sopivalla tulkkaustavalla. Alla l\u00f6yd\u00e4t tarkempia tietoja eri tulkkaustekniikoista. Ota heti yhteytt\u00e4Kielet Tulkkauspalveluita seuraavilla kielipareilla: suomi-hollanti hollanti-suomi suomi-englanti englanti-suomi hollanti-englanti englanti-hollanti Voin...","protected":false},"author":1,"featured_media":3811,"parent":0,"menu_order":0,"comment_status":"closed","ping_status":"closed","template":"","meta":{"footnotes":""},"class_list":["post-3258","page","type-page","status-publish","has-post-thumbnail","hentry"],"_links":{"self":[{"href":"https:\/\/www.finsetolk.nl\/fi\/wp-json\/wp\/v2\/pages\/3258","targetHints":{"allow":["GET"]}}],"collection":[{"href":"https:\/\/www.finsetolk.nl\/fi\/wp-json\/wp\/v2\/pages"}],"about":[{"href":"https:\/\/www.finsetolk.nl\/fi\/wp-json\/wp\/v2\/types\/page"}],"author":[{"embeddable":true,"href":"https:\/\/www.finsetolk.nl\/fi\/wp-json\/wp\/v2\/users\/1"}],"replies":[{"embeddable":true,"href":"https:\/\/www.finsetolk.nl\/fi\/wp-json\/wp\/v2\/comments?post=3258"}],"version-history":[{"count":31,"href":"https:\/\/www.finsetolk.nl\/fi\/wp-json\/wp\/v2\/pages\/3258\/revisions"}],"predecessor-version":[{"id":4137,"href":"https:\/\/www.finsetolk.nl\/fi\/wp-json\/wp\/v2\/pages\/3258\/revisions\/4137"}],"wp:featuredmedia":[{"embeddable":true,"href":"https:\/\/www.finsetolk.nl\/fi\/wp-json\/wp\/v2\/media\/3811"}],"wp:attachment":[{"href":"https:\/\/www.finsetolk.nl\/fi\/wp-json\/wp\/v2\/media?parent=3258"}],"curies":[{"name":"wp","href":"https:\/\/api.w.org\/{rel}","templated":true}]}}