{"id":3263,"date":"2015-02-07T18:06:49","date_gmt":"2015-02-07T16:06:49","guid":{"rendered":"https:\/\/www.finsetolk.nl\/?page_id=3263"},"modified":"2026-04-01T13:18:35","modified_gmt":"2026-04-01T11:18:35","slug":"kaannospalvelut","status":"publish","type":"page","link":"https:\/\/www.finsetolk.nl\/fi\/kaannospalvelut\/","title":{"rendered":"K\u00e4\u00e4nn\u00f6spalvelut"},"content":{"rendered":"<section class=\"l-section wpb_row height_auto with_img\"><div class=\"l-section-img\" style=\"background-image: url(https:\/\/www.finsetolk.nl\/wp-content\/uploads\/2020\/09\/Top_Header_Vertaal_ster_1.png);\" data-img-width=\"1895\" data-img-height=\"541\"><\/div><div class=\"l-section-h i-cf\"><div class=\"g-cols vc_row type_default valign_top\"><div class=\"vc_col-sm-9 wpb_column vc_column_container\"><div class=\"vc_column-inner\"><div class=\"wpb_wrapper\"><div class=\"w-separator size_large\"><\/div><div class=\"wpb_text_column\" ><div class=\"wpb_wrapper\"><h1><strong><span style=\"color: #ffffff;\">K\u00e4\u00e4nn\u00f6spalvelut<\/span><\/strong><\/h1>\n<h4><span style=\"color: #ffffff;\">Etsitk\u00f6 <strong>kokenutta k\u00e4\u00e4nt\u00e4j\u00e4\u00e4<\/strong>, joka k\u00e4\u00e4nt\u00e4\u00e4 tekstit ja asiakirjat<strong> sujuvasti ja t\u00e4sm\u00e4llisesti<\/strong> sek\u00e4 osaa noudattaa alkuper\u00e4isen tekstin s\u00e4vy\u00e4 ja ilmaisumuotoa? Finsetolk on ammattitaitoinen kielikumppanisi, kun tarvitset hollannin, suomen ja englannin k\u00e4\u00e4nn\u00f6spalveluita. Voit olla varma laadusta sek\u00e4 kieleen ja kulttuuriin perehtyneest\u00e4 k\u00e4\u00e4nt\u00e4j\u00e4st\u00e4. Haluatko tiet\u00e4\u00e4, mit\u00e4 Finsetolk voi sinulle tarjota? Ota heti yhteytt\u00e4.<\/span><\/h4>\n<\/div><\/div><div class=\"w-separator size_small\"><\/div><div class=\"w-btn-wrapper width_auto align_left\"><a class=\"w-btn us-btn-style_2\" href=\"\/fi\/yhteydenotto\/\"><span class=\"w-btn-label\">Yhteydenotto<\/span><\/a><\/div><div class=\"w-separator size_large\"><\/div><div class=\"w-separator size_large\"><\/div><\/div><\/div><\/div><div class=\"vc_col-sm-3 wpb_column vc_column_container\"><div class=\"vc_column-inner\"><div class=\"wpb_wrapper\"><\/div><\/div><\/div><\/div><\/div><\/section><section class=\"l-section wpb_row height_medium\"><div class=\"l-section-h i-cf\"><div class=\"g-cols vc_row type_default valign_top\"><div class=\"vc_col-sm-6 wpb_column vc_column_container\"><div class=\"vc_column-inner\"><div class=\"wpb_wrapper\"><div class=\"wpb_text_column\" ><div class=\"wpb_wrapper\"><h1 style=\"text-align: left;\">Kielet<\/h1>\n<p>K\u00e4\u00e4nn\u00f6spalveluita seuraavilla kielipareilla:<\/p>\n<ul>\n<li><strong>suomi-hollanti<\/strong><\/li>\n<li><strong>hollanti-suomi<\/strong><\/li>\n<li><strong>englanti-suomi<\/strong><\/li>\n<li><strong>englanti-hollanti<\/strong><\/li>\n<\/ul>\n<\/div><\/div><\/div><\/div><\/div><div class=\"vc_col-sm-6 wpb_column vc_column_container\"><div class=\"vc_column-inner\"><div class=\"wpb_wrapper\"><div class=\"wpb_text_column\" ><div class=\"wpb_wrapper\"><h1 style=\"text-align: left;\">Taidot ja erikoisalat<\/h1>\n<p>Erikoisalani ovat:<\/p>\n<ul>\n<li>Juridiset k\u00e4\u00e4nn\u00f6kset<\/li>\n<li>K\u00e4\u00e4nn\u00f6kset yrityksille<\/li>\n<\/ul>\n<\/div><\/div><\/div><\/div><\/div><\/div><\/div><\/section><section class=\"l-section wpb_row height_medium\"><div class=\"l-section-h i-cf\"><div class=\"g-cols vc_row type_default valign_top\"><div class=\"vc_col-sm-6 wpb_column vc_column_container\"><div class=\"vc_column-inner\"><div class=\"wpb_wrapper\"><div class=\"w-image align_none\"><div class=\"w-image-h\"><img loading=\"lazy\" decoding=\"async\" width=\"630\" height=\"568\" src=\"https:\/\/www.finsetolk.nl\/wp-content\/uploads\/2020\/09\/Vertaaldiensten_In_website_Image_4.png\" class=\"attachment-large size-large\" alt=\"\" srcset=\"https:\/\/www.finsetolk.nl\/wp-content\/uploads\/2020\/09\/Vertaaldiensten_In_website_Image_4.png 630w, https:\/\/www.finsetolk.nl\/wp-content\/uploads\/2020\/09\/Vertaaldiensten_In_website_Image_4-300x270.png 300w\" sizes=\"auto, (max-width: 630px) 100vw, 630px\" \/><\/div><\/div><\/div><\/div><\/div><div class=\"vc_col-sm-6 wpb_column vc_column_container with_overlay\"><div class=\"vc_column-inner\"><div class=\"vc_column-overlay\" style=\"background:#3b7d8f\"><\/div><div class=\"wpb_wrapper\"><div class=\"w-separator size_small\"><\/div><div class=\"wpb_text_column\" ><div class=\"wpb_wrapper\"><h2 style=\"text-align: center;\"><span style=\"color: #ffffff;\"><strong>Hinnat ja toimitusehdot<\/strong><\/span><\/h2>\n<p><span style=\"color: #ffffff;\">K\u00e4\u00e4nn\u00f6shinta perustuu yleens\u00e4 sanakohtaiseen korvaukseen. Hinta riippuu tekstin laadusta (yleiskielt\u00e4 vai erikoisalan termist\u00f6\u00e4) ja tarvitaanko auktorisoitu k\u00e4\u00e4nn\u00f6s. Minimihinta k\u00e4\u00e4nn\u00f6ksest\u00e4 on 40 euroa (ilman alv:t\u00e4).<\/span><\/p>\n<p><span style=\"color: #ffffff;\">Kielipalvelun toimittajan ja tilaajan v\u00e4lisiss\u00e4 toimeksiannoissa sovelletaan<\/span> <span style=\"text-decoration: underline; color: #000080;\"><a style=\"color: #000080; text-decoration: underline;\" href=\"https:\/\/ngtv.nl\/application\/files\/1215\/2846\/6121\/NGTV_logo_algemene_voorwaarden_Engels_20170915.pdf\">Alankomaiden k\u00e4\u00e4nt\u00e4jien ja tulkkien liiton yleisi\u00e4 sopimusehtoja<\/a><\/span>. <span style=\"color: #ffffff;\">(General terms and conditions of the Netherlands association of Interpreters and Translators NGTV). Rekister\u00f6ity Amsterdamin kaupparekisteriin numerolla 40516076.<\/span><\/p>\n<\/div><\/div><div class=\"w-separator size_small\"><\/div><\/div><\/div><\/div><\/div><\/div><\/section><section class=\"l-section wpb_row height_medium\"><div class=\"l-section-h i-cf\"><div class=\"g-cols vc_row type_default valign_top\"><div class=\"vc_col-sm-12 wpb_column vc_column_container\"><div class=\"vc_column-inner\"><div class=\"wpb_wrapper\"><div class=\"w-separator size_small with_line width_default thick_1 style_solid color_border align_center\"><div class=\"w-separator-h\"><\/div><\/div><div class=\"wpb_text_column\" ><div class=\"wpb_wrapper\"><h1 style=\"text-align: center;\"><strong>Onko sinulla kysytt\u00e4v\u00e4\u00e4?<\/strong><\/h1>\n<p style=\"text-align: center;\">Ota yhteytt\u00e4 s\u00e4hk\u00f6postitse tai puhelimitse<\/p>\n<p style=\"text-align: center;\"><a href=\"mailto:info@finsetolk.nl\">info@finsetolk.nl<\/a><br \/>\n+31 6 22974071<\/p>\n<\/div><\/div><\/div><\/div><\/div><\/div><\/div><\/section>\n","protected":false},"excerpt":{"rendered":"K\u00e4\u00e4nn\u00f6spalvelut Etsitk\u00f6 kokenutta k\u00e4\u00e4nt\u00e4j\u00e4\u00e4, joka k\u00e4\u00e4nt\u00e4\u00e4 tekstit ja asiakirjat sujuvasti ja t\u00e4sm\u00e4llisesti sek\u00e4 osaa noudattaa alkuper\u00e4isen tekstin s\u00e4vy\u00e4 ja ilmaisumuotoa? Finsetolk on ammattitaitoinen kielikumppanisi, kun tarvitset hollannin, suomen ja englannin k\u00e4\u00e4nn\u00f6spalveluita. Voit olla varma laadusta sek\u00e4 kieleen ja kulttuuriin perehtyneest\u00e4 k\u00e4\u00e4nt\u00e4j\u00e4st\u00e4. Haluatko tiet\u00e4\u00e4, mit\u00e4 Finsetolk voi sinulle tarjota? Ota heti yhteytt\u00e4. YhteydenottoKielet K\u00e4\u00e4nn\u00f6spalveluita seuraavilla kielipareilla:...","protected":false},"author":1,"featured_media":3923,"parent":0,"menu_order":0,"comment_status":"closed","ping_status":"closed","template":"","meta":{"footnotes":""},"class_list":["post-3263","page","type-page","status-publish","has-post-thumbnail","hentry"],"_links":{"self":[{"href":"https:\/\/www.finsetolk.nl\/fi\/wp-json\/wp\/v2\/pages\/3263","targetHints":{"allow":["GET"]}}],"collection":[{"href":"https:\/\/www.finsetolk.nl\/fi\/wp-json\/wp\/v2\/pages"}],"about":[{"href":"https:\/\/www.finsetolk.nl\/fi\/wp-json\/wp\/v2\/types\/page"}],"author":[{"embeddable":true,"href":"https:\/\/www.finsetolk.nl\/fi\/wp-json\/wp\/v2\/users\/1"}],"replies":[{"embeddable":true,"href":"https:\/\/www.finsetolk.nl\/fi\/wp-json\/wp\/v2\/comments?post=3263"}],"version-history":[{"count":27,"href":"https:\/\/www.finsetolk.nl\/fi\/wp-json\/wp\/v2\/pages\/3263\/revisions"}],"predecessor-version":[{"id":4138,"href":"https:\/\/www.finsetolk.nl\/fi\/wp-json\/wp\/v2\/pages\/3263\/revisions\/4138"}],"wp:featuredmedia":[{"embeddable":true,"href":"https:\/\/www.finsetolk.nl\/fi\/wp-json\/wp\/v2\/media\/3923"}],"wp:attachment":[{"href":"https:\/\/www.finsetolk.nl\/fi\/wp-json\/wp\/v2\/media?parent=3263"}],"curies":[{"name":"wp","href":"https:\/\/api.w.org\/{rel}","templated":true}]}}