{"id":3906,"date":"2020-10-07T13:22:52","date_gmt":"2020-10-07T11:22:52","guid":{"rendered":"https:\/\/www.finsetolk.nl\/?page_id=3906"},"modified":"2022-09-29T15:32:59","modified_gmt":"2022-09-29T13:32:59","slug":"yhteydenotto","status":"publish","type":"page","link":"https:\/\/www.finsetolk.nl\/fi\/yhteydenotto\/","title":{"rendered":"Yhteydenotto"},"content":{"rendered":"<section class=\"l-section wpb_row height_medium color_alternate\"><div class=\"l-section-h i-cf\"><div class=\"g-cols vc_row type_default valign_top\"><div class=\"vc_col-sm-12 wpb_column vc_column_container\"><div class=\"vc_column-inner\"><div class=\"wpb_wrapper\"><div class=\"wpb_text_column\" ><div class=\"wpb_wrapper\"><h1 style=\"text-align: center;\"><strong>Ota yhteytt\u00e4<\/strong><\/h1>\n<\/div><\/div><\/div><\/div><\/div><\/div><\/div><\/section><section class=\"l-section wpb_row height_medium\"><div class=\"l-section-h i-cf\"><div class=\"g-cols vc_row type_default valign_top\"><div class=\"vc_col-sm-6 wpb_column vc_column_container\"><div class=\"vc_column-inner\"><div class=\"wpb_wrapper\"><div class=\"wpb_text_column\" ><div class=\"wpb_wrapper\"><h3>Finsetolk<\/h3>\n<p><strong>Alankomaat<\/strong><br \/>\nRaadhuisstraat 12 A<br \/>\n2751 AV Moerkapelle<br \/>\nHollanti<\/p>\n<\/div><\/div><div class=\"w-separator size_small\"><\/div><div class=\"wpb_text_column\" ><div class=\"wpb_wrapper\"><p><strong>Suomi<\/strong><br \/>\nJuvankoskentie 231<br \/>\n25180 Pertteli<br \/>\nSuomi<\/p>\n<\/div><\/div><\/div><\/div><\/div><div class=\"vc_col-sm-6 wpb_column vc_column_container\"><div class=\"vc_column-inner\"><div class=\"wpb_wrapper\"><div class=\"wpb_text_column\" ><div class=\"wpb_wrapper\"><p><strong>Haluatko lis\u00e4tietoja tai keskustella eri mahdollisuuksista? Ota siin\u00e4 tapauksessa yhteytt\u00e4.<\/strong><\/p>\n<p><i class=\"fas fa-phone\"><\/i>\u00a0 +31 6 22974071<br \/>\n<i class=\"fas fa-envelope\">\u00a0\u00a0<\/i><a href=\"mailto:info@finsetolk.nl\">info@finsetolk.nl<\/a><br \/>\n<i class=\"fab fa-linkedin\">\u00a0\u00a0<\/i><a href=\" https:\/\/www.linkedin.com\/pub\/van-leeuwen-tiina\/82\/773\/3b1\">LinkedIn<\/a><\/p>\n<\/div><\/div><\/div><\/div><\/div><\/div><\/div><\/section>\n","protected":false},"excerpt":{"rendered":"Ota yhteytt\u00e4 Finsetolk Alankomaat Raadhuisstraat 12 A 2751 AV Moerkapelle Hollanti Suomi Juvankoskentie 231 25180 Pertteli Suomi Haluatko lis\u00e4tietoja tai keskustella eri mahdollisuuksista? Ota siin\u00e4 tapauksessa yhteytt\u00e4. \u00a0 +31 6 22974071 \u00a0\u00a0info@finsetolk.nl \u00a0\u00a0LinkedIn","protected":false},"author":2,"featured_media":0,"parent":0,"menu_order":0,"comment_status":"closed","ping_status":"closed","template":"","meta":{"footnotes":""},"class_list":["post-3906","page","type-page","status-publish","hentry"],"_links":{"self":[{"href":"https:\/\/www.finsetolk.nl\/fi\/wp-json\/wp\/v2\/pages\/3906","targetHints":{"allow":["GET"]}}],"collection":[{"href":"https:\/\/www.finsetolk.nl\/fi\/wp-json\/wp\/v2\/pages"}],"about":[{"href":"https:\/\/www.finsetolk.nl\/fi\/wp-json\/wp\/v2\/types\/page"}],"author":[{"embeddable":true,"href":"https:\/\/www.finsetolk.nl\/fi\/wp-json\/wp\/v2\/users\/2"}],"replies":[{"embeddable":true,"href":"https:\/\/www.finsetolk.nl\/fi\/wp-json\/wp\/v2\/comments?post=3906"}],"version-history":[{"count":12,"href":"https:\/\/www.finsetolk.nl\/fi\/wp-json\/wp\/v2\/pages\/3906\/revisions"}],"predecessor-version":[{"id":4130,"href":"https:\/\/www.finsetolk.nl\/fi\/wp-json\/wp\/v2\/pages\/3906\/revisions\/4130"}],"wp:attachment":[{"href":"https:\/\/www.finsetolk.nl\/fi\/wp-json\/wp\/v2\/media?parent=3906"}],"curies":[{"name":"wp","href":"https:\/\/api.w.org\/{rel}","templated":true}]}}