{"id":3969,"date":"2020-10-05T17:34:38","date_gmt":"2020-10-05T15:34:38","guid":{"rendered":"https:\/\/www.finsetolk.nl\/?page_id=3969"},"modified":"2026-04-01T14:57:26","modified_gmt":"2026-04-01T12:57:26","slug":"etusivu-v2-1-annika","status":"publish","type":"page","link":"https:\/\/www.finsetolk.nl\/fi\/","title":{"rendered":"Tulkkaus ja k\u00e4\u00e4nn\u00f6spalvelut | Finsetolk"},"content":{"rendered":"<section class=\"l-section wpb_row us_custom_81b5e9a3 height_medium with_img\"><div class=\"l-section-img\" style=\"background-image: url(https:\/\/www.finsetolk.nl\/wp-content\/uploads\/2020\/09\/Website-homepage-header.png);\" data-img-width=\"1895\" data-img-height=\"541\"><\/div><div class=\"l-section-h i-cf\"><div class=\"g-cols vc_row type_default valign_top\"><div class=\"vc_col-sm-12 wpb_column vc_column_container\"><div class=\"vc_column-inner\"><div class=\"wpb_wrapper\"><div class=\"w-separator size_large\"><\/div><div class=\"wpb_text_column\" ><div class=\"wpb_wrapper\"><h1 style=\"text-align: center;\"><strong><span style=\"color: #ffffff;\">Welkom \u2013 Tervetuloa \u2013 Welcome<\/span><\/strong><\/h1>\n<\/div><\/div><div class=\"w-separator size_small\"><\/div><div class=\"wpb_text_column\" ><div class=\"wpb_wrapper\"><h2 style=\"text-align: center;\"><strong><span style=\"color: #ffffff;\">Finsetolk, ammattimainen kielikumppani\u00a0<\/span><\/strong><\/h2>\n<\/div><\/div><div class=\"w-separator size_huge\"><\/div><div class=\"wpb_text_column\" ><div class=\"wpb_wrapper\"><h3 style=\"text-align: center;\"><span style=\"color: #ffffff;\">kun tarvitset <strong>hollannin, suomen <\/strong>ja<strong> englannin<\/strong> kielipalveluita\u00a0<\/span><\/h3>\n<\/div><\/div><div class=\"w-separator size_medium\"><\/div><div class=\"g-cols wpb_row  type_default valign_top vc_inner\"><div class=\"vc_col-sm-4 wpb_column vc_column_container\"><div class=\"vc_column-inner\"><div class=\"wpb_wrapper\"><\/div><\/div><\/div><div class=\"vc_col-sm-4 wpb_column vc_column_container\"><div class=\"vc_column-inner\"><div class=\"wpb_wrapper\"><div class=\"w-btn-wrapper width_auto align_left\"><a class=\"w-btn us-btn-style_2 us_custom_d7b33fa1\" href=\"\/fi\/yhteydenotto\/\"><span class=\"w-btn-label\">Yhteydenotto<\/span><\/a><\/div><\/div><\/div><\/div><div class=\"vc_col-sm-4 wpb_column vc_column_container\"><div class=\"vc_column-inner\"><div class=\"wpb_wrapper\"><\/div><\/div><\/div><\/div><div class=\"w-separator size_large\"><\/div><\/div><\/div><\/div><\/div><\/div><\/section><section class=\"l-section wpb_row height_medium\"><div class=\"l-section-h i-cf\"><div class=\"g-cols vc_row type_default valign_top\"><div class=\"vc_col-sm-12 wpb_column vc_column_container\"><div class=\"vc_column-inner\"><div class=\"wpb_wrapper\"><div class=\"g-cols wpb_row  type_default valign_top vc_inner\"><div class=\"vc_col-sm-12 wpb_column vc_column_container\"><div class=\"vc_column-inner\"><div class=\"wpb_wrapper\"><div class=\"wpb_text_column\" ><div class=\"wpb_wrapper\"><h3 style=\"text-align: center;\"><strong>Finsetolk auttaa mielell\u00e4\u00e4n, kun tarvitset tulkkia<br \/>\n<\/strong><strong>tai k\u00e4\u00e4nn\u00f6ksi\u00e4 suomen, hollannin ja englannin kieliss\u00e4<\/strong><\/h3>\n<\/div><\/div><\/div><\/div><\/div><\/div><div class=\"w-separator size_medium with_line width_50 thick_2 style_solid color_border align_center\"><div class=\"w-separator-h\"><\/div><\/div><div class=\"g-cols wpb_row  type_default valign_top vc_inner\"><div class=\"vc_col-sm-4 wpb_column vc_column_container\"><div class=\"vc_column-inner\"><div class=\"wpb_wrapper\"><div class=\"wpb_text_column us_custom_a02905ed\" ><div class=\"wpb_wrapper\"><h3><span style=\"color: #ffffff;\"><strong>Tulkkaus ja k\u00e4\u00e4nt\u00e4minen juridisissa yhteyksiss\u00e4<\/strong><\/span><\/h3>\n<p><span style=\"color: #ffffff;\">Oikeustulkkausta rikos-, riita-, hakemus- ja hallintoasioiden yhteydess\u00e4. Auktorisoitua tulkkausta ja k\u00e4\u00e4nt\u00e4mist\u00e4 kieliparissa suomi-hollanti. Rekisteritulkki Suomen ja Alankomaiden tulkkirekistereiss\u00e4.<\/span><\/p>\n<\/div><\/div><\/div><\/div><\/div><div class=\"vc_col-sm-4 wpb_column vc_column_container\"><div class=\"vc_column-inner\"><div class=\"wpb_wrapper\"><div class=\"wpb_text_column us_custom_bb5e5b44\" ><div class=\"wpb_wrapper\"><h3><span style=\"color: #ffffff;\"><strong>Tulkkaus ja k\u00e4\u00e4nt\u00e4minen yritysel\u00e4m\u00e4n tarpeisiin<\/strong><\/span><\/h3>\n<p><span style=\"color: #ffffff;\">Finsetolk on erikoistunut tulkkaukseen liike-el\u00e4m\u00e4n tilanteissa, kuten konferensseissa, liikeneuvotteluissa ja tuotelanseerauksissa sek\u00e4 erilaisten liike-el\u00e4m\u00e4n asiakirjojen, kuten sopimusehtojen, esitteiden ja lehdist\u00f6tiedotteiden k\u00e4\u00e4nn\u00f6ksiin.<\/span><\/p>\n<\/div><\/div><\/div><\/div><\/div><div class=\"vc_col-sm-4 wpb_column vc_column_container\"><div class=\"vc_column-inner\"><div class=\"wpb_wrapper\"><div class=\"wpb_text_column us_custom_bb5e5b44\" ><div class=\"wpb_wrapper\"><h3><strong><span style=\"color: #ffffff;\">Tulkkausta ja k\u00e4\u00e4nn\u00f6ksi\u00e4 henkil\u00f6asiakkaille<\/span><\/strong><\/h3>\n<p><span style=\"color: #ffffff;\">Finsetolk tarjoaa asiantuntevaa tulkkauspalvelua esimerkiksi kiinteist\u00f6kaupan yhteydess\u00e4 sek\u00e4 erilaisten asiakirjojen ja tekstien k\u00e4\u00e4nn\u00f6ksi\u00e4.<\/span><\/p>\n<\/div><\/div><\/div><\/div><\/div><\/div><\/div><\/div><\/div><\/div><\/div><\/section><section class=\"l-section wpb_row height_medium\"><div class=\"l-section-h i-cf\"><div class=\"g-cols vc_row type_default valign_top\"><div class=\"vc_col-sm-12 wpb_column vc_column_container\"><div class=\"vc_column-inner\"><div class=\"wpb_wrapper\"><div class=\"wpb_text_column\" ><div class=\"wpb_wrapper\"><h2 style=\"text-align: center;\"><strong>Valitse varmuudella Finsetolk<\/strong><\/h2>\n<\/div><\/div><div class=\"w-separator size_medium with_line width_50 thick_2 style_solid color_border align_center\"><div class=\"w-separator-h\"><\/div><\/div><div class=\"g-cols wpb_row  type_default valign_top vc_inner\"><div class=\"vc_col-sm-1\/5 wpb_column vc_column_container\"><div class=\"vc_column-inner\"><div class=\"wpb_wrapper\"><div class=\"w-image align_none\"><div class=\"w-image-h\"><img loading=\"lazy\" decoding=\"async\" width=\"200\" height=\"200\" src=\"https:\/\/www.finsetolk.nl\/wp-content\/uploads\/2020\/09\/Tiina_van_Leeuwen_Beedigd_Tolk_200x200_v2.png\" class=\"attachment-large size-large\" alt=\"Be\u00ebdigd Tolk Fins Tiina van Leeuwen\" srcset=\"https:\/\/www.finsetolk.nl\/wp-content\/uploads\/2020\/09\/Tiina_van_Leeuwen_Beedigd_Tolk_200x200_v2.png 200w, https:\/\/www.finsetolk.nl\/wp-content\/uploads\/2020\/09\/Tiina_van_Leeuwen_Beedigd_Tolk_200x200_v2-150x150.png 150w\" sizes=\"auto, (max-width: 200px) 100vw, 200px\" \/><\/div><\/div><\/div><\/div><\/div><div class=\"vc_col-sm-1\/5 wpb_column vc_column_container\"><div class=\"vc_column-inner\"><div class=\"wpb_wrapper\"><div class=\"w-image align_none\"><a href=\"https:\/\/www.finsetolk.nl\/wp-content\/uploads\/2020\/09\/Todistus-oikeustulkkirekisteriin-merkitsemisesta.pdf\" aria-label=\"Linkki\" class=\"w-image-h\"><img loading=\"lazy\" decoding=\"async\" width=\"200\" height=\"200\" src=\"https:\/\/www.finsetolk.nl\/wp-content\/uploads\/2020\/09\/Oikeustulkkirekisteri_200x200_v2.png\" class=\"attachment-large size-large\" alt=\"\" srcset=\"https:\/\/www.finsetolk.nl\/wp-content\/uploads\/2020\/09\/Oikeustulkkirekisteri_200x200_v2.png 200w, https:\/\/www.finsetolk.nl\/wp-content\/uploads\/2020\/09\/Oikeustulkkirekisteri_200x200_v2-150x150.png 150w\" sizes=\"auto, (max-width: 200px) 100vw, 200px\" \/><\/a><\/div><\/div><\/div><\/div><div class=\"vc_col-sm-1\/5 wpb_column vc_column_container\"><div class=\"vc_column-inner\"><div class=\"wpb_wrapper\"><div class=\"w-image align_none\"><div class=\"w-image-h\"><img loading=\"lazy\" decoding=\"async\" width=\"200\" height=\"200\" src=\"https:\/\/www.finsetolk.nl\/wp-content\/uploads\/2020\/09\/Tiina_van_Leeuwen_Auktorisoitu_Kaantaja_200x200_v2.png\" class=\"attachment-large size-large\" alt=\"Auktorisoitu K\u00e4\u00e4ntaj\u00e4\" srcset=\"https:\/\/www.finsetolk.nl\/wp-content\/uploads\/2020\/09\/Tiina_van_Leeuwen_Auktorisoitu_Kaantaja_200x200_v2.png 200w, https:\/\/www.finsetolk.nl\/wp-content\/uploads\/2020\/09\/Tiina_van_Leeuwen_Auktorisoitu_Kaantaja_200x200_v2-150x150.png 150w\" sizes=\"auto, (max-width: 200px) 100vw, 200px\" \/><\/div><\/div><\/div><\/div><\/div><div class=\"vc_col-sm-1\/5 wpb_column vc_column_container\"><div class=\"vc_column-inner\"><div class=\"wpb_wrapper\"><div class=\"w-image align_none\"><div class=\"w-image-h\"><img loading=\"lazy\" decoding=\"async\" width=\"200\" height=\"200\" src=\"https:\/\/www.finsetolk.nl\/wp-content\/uploads\/2020\/09\/SKTL_logo_200x200_v2.png\" class=\"attachment-large size-large\" alt=\"SKTL Logo Finsetolk\" srcset=\"https:\/\/www.finsetolk.nl\/wp-content\/uploads\/2020\/09\/SKTL_logo_200x200_v2.png 200w, https:\/\/www.finsetolk.nl\/wp-content\/uploads\/2020\/09\/SKTL_logo_200x200_v2-150x150.png 150w\" sizes=\"auto, (max-width: 200px) 100vw, 200px\" \/><\/div><\/div><\/div><\/div><\/div><div class=\"vc_col-sm-1\/5 wpb_column vc_column_container\"><div class=\"vc_column-inner\"><div class=\"wpb_wrapper\"><div class=\"w-image align_none\"><div class=\"w-image-h\"><img loading=\"lazy\" decoding=\"async\" width=\"200\" height=\"200\" src=\"https:\/\/www.finsetolk.nl\/wp-content\/uploads\/2020\/09\/ngtv_logo_200x200_v2.png\" class=\"attachment-large size-large\" alt=\"NGTV  Logo Finsetolk\" srcset=\"https:\/\/www.finsetolk.nl\/wp-content\/uploads\/2020\/09\/ngtv_logo_200x200_v2.png 200w, https:\/\/www.finsetolk.nl\/wp-content\/uploads\/2020\/09\/ngtv_logo_200x200_v2-150x150.png 150w\" sizes=\"auto, (max-width: 200px) 100vw, 200px\" \/><\/div><\/div><\/div><\/div><\/div><\/div><\/div><\/div><\/div><\/div><\/div><\/section><section class=\"l-section wpb_row height_medium\"><div class=\"l-section-h i-cf\"><div class=\"g-cols vc_row type_default valign_top\"><div class=\"vc_col-sm-12 wpb_column vc_column_container\"><div class=\"vc_column-inner\"><div class=\"wpb_wrapper\"><div class=\"w-separator size_small with_line width_default thick_1 style_solid color_border align_center\"><div class=\"w-separator-h\"><\/div><\/div><div class=\"wpb_text_column\" ><div class=\"wpb_wrapper\"><h3 style=\"text-align: center;\"><strong>Haluatko lis\u00e4tietoja tai keskustella eri mahdollisuuksista?<\/strong><\/h3>\n<\/div><\/div><div class=\"w-separator size_medium\"><\/div><div class=\"g-cols wpb_row  type_default valign_top vc_inner\"><div class=\"vc_col-sm-2 wpb_column vc_column_container\"><div class=\"vc_column-inner\"><div class=\"wpb_wrapper\"><div class=\"w-iconbox iconpos_top style_default color_secondary align_center no_title no_text\"><div class=\"w-iconbox-icon\"><i class=\"fas fa-chevron-double-right\"><\/i><\/div><div class=\"w-iconbox-meta\"><\/div><\/div><\/div><\/div><\/div><div class=\"vc_col-sm-8 wpb_column vc_column_container\"><div class=\"vc_column-inner\"><div class=\"wpb_wrapper\"><div class=\"wpb_text_column\" ><div class=\"wpb_wrapper\"><h4 style=\"text-align: center;\">Ota yhteytt\u00e4 Finsetolkiin<\/h4>\n<\/div><\/div><\/div><\/div><\/div><div class=\"vc_col-sm-2 wpb_column vc_column_container\"><div class=\"vc_column-inner\"><div class=\"wpb_wrapper\"><div class=\"w-iconbox iconpos_top style_default color_secondary align_center no_title no_text\"><div class=\"w-iconbox-icon\"><i class=\"fas fa-chevron-double-left\"><\/i><\/div><div class=\"w-iconbox-meta\"><\/div><\/div><\/div><\/div><\/div><\/div><div class=\"w-separator size_medium\"><\/div><div class=\"g-cols wpb_row  type_default valign_top vc_inner\"><div class=\"vc_col-sm-4 wpb_column vc_column_container\"><div class=\"vc_column-inner\"><div class=\"wpb_wrapper\"><\/div><\/div><\/div><div class=\"vc_col-sm-4 wpb_column vc_column_container\"><div class=\"vc_column-inner\"><div class=\"wpb_wrapper\"><div class=\"w-btn-wrapper width_auto align_right\"><a class=\"w-btn us-btn-style_1 icon_atleft\" href=\"mailto:info@finsetolk.nl\"><i class=\"fas fa-envelope\"><\/i><span class=\"w-btn-label\">Ota heti yhteytt\u00e4<\/span><\/a><\/div><\/div><\/div><\/div><div class=\"vc_col-sm-4 wpb_column vc_column_container\"><div class=\"vc_column-inner\"><div class=\"wpb_wrapper\"><\/div><\/div><\/div><\/div><\/div><\/div><\/div><\/div><\/div><\/section>\n","protected":false},"excerpt":{"rendered":"Welkom \u2013 Tervetuloa \u2013 Welcome Finsetolk, ammattimainen kielikumppani\u00a0 kun tarvitset hollannin, suomen ja englannin kielipalveluita\u00a0 YhteydenottoFinsetolk auttaa mielell\u00e4\u00e4n, kun tarvitset tulkkia tai k\u00e4\u00e4nn\u00f6ksi\u00e4 suomen, hollannin ja englannin kieliss\u00e4 Tulkkaus ja k\u00e4\u00e4nt\u00e4minen juridisissa yhteyksiss\u00e4 Oikeustulkkausta rikos-, riita-, hakemus- ja hallintoasioiden yhteydess\u00e4. Auktorisoitua tulkkausta ja k\u00e4\u00e4nt\u00e4mist\u00e4 kieliparissa suomi-hollanti. Rekisteritulkki Suomen ja Alankomaiden tulkkirekistereiss\u00e4. Tulkkaus ja k\u00e4\u00e4nt\u00e4minen yritysel\u00e4m\u00e4n...","protected":false},"author":2,"featured_media":3753,"parent":0,"menu_order":0,"comment_status":"closed","ping_status":"closed","template":"","meta":{"footnotes":""},"class_list":["post-3969","page","type-page","status-publish","has-post-thumbnail","hentry"],"_links":{"self":[{"href":"https:\/\/www.finsetolk.nl\/fi\/wp-json\/wp\/v2\/pages\/3969","targetHints":{"allow":["GET"]}}],"collection":[{"href":"https:\/\/www.finsetolk.nl\/fi\/wp-json\/wp\/v2\/pages"}],"about":[{"href":"https:\/\/www.finsetolk.nl\/fi\/wp-json\/wp\/v2\/types\/page"}],"author":[{"embeddable":true,"href":"https:\/\/www.finsetolk.nl\/fi\/wp-json\/wp\/v2\/users\/2"}],"replies":[{"embeddable":true,"href":"https:\/\/www.finsetolk.nl\/fi\/wp-json\/wp\/v2\/comments?post=3969"}],"version-history":[{"count":11,"href":"https:\/\/www.finsetolk.nl\/fi\/wp-json\/wp\/v2\/pages\/3969\/revisions"}],"predecessor-version":[{"id":4149,"href":"https:\/\/www.finsetolk.nl\/fi\/wp-json\/wp\/v2\/pages\/3969\/revisions\/4149"}],"wp:featuredmedia":[{"embeddable":true,"href":"https:\/\/www.finsetolk.nl\/fi\/wp-json\/wp\/v2\/media\/3753"}],"wp:attachment":[{"href":"https:\/\/www.finsetolk.nl\/fi\/wp-json\/wp\/v2\/media?parent=3969"}],"curies":[{"name":"wp","href":"https:\/\/api.w.org\/{rel}","templated":true}]}}